{"id":7586,"date":"2022-07-14T11:01:06","date_gmt":"2022-07-14T11:01:06","guid":{"rendered":"http:\/\/localhost\/mobiserve\/nouvelles-du-marche\/"},"modified":"2023-04-17T11:03:11","modified_gmt":"2023-04-17T11:03:11","slug":"nouvelles-du-marche","status":"publish","type":"page","link":"https:\/\/mobiserveholding.com\/fr\/nouvelles-du-marche\/","title":{"rendered":"Nouvelles du march\u00e9"},"content":{"rendered":"<div class=\"wpb-content-wrapper\"><p>[vc_row css=\u00a0\u00bb.vc_custom_1537449467884{padding-top: 50px !important;padding-bottom: 75px !important;}\u00a0\u00bb][vc_column width=\u00a0\u00bb5\/6&Prime; enable_content_animation=\u00a0\u00bbyes\u00a0\u00bb ca_init_scale_x=\u00a0\u00bb1&Prime; ca_init_scale_y=\u00a0\u00bb1&Prime; ca_init_scale_z=\u00a0\u00bb1&Prime; ca_init_opacity=\u00a0\u00bb1&Prime; ca_an_scale_x=\u00a0\u00bb1&Prime; ca_an_scale_y=\u00a0\u00bb1&Prime; ca_an_scale_z=\u00a0\u00bb1&Prime; ca_an_opacity=\u00a0\u00bb1&Prime; align=\u00a0\u00bbtext-center\u00a0\u00bb offset=\u00a0\u00bbvc_col-md-offset-2 vc_col-md-8 vc_col-sm-offset-1&Prime; ca_init_translate_y=\u00a0\u00bb79&Prime; ca_duration=\u00a0\u00bb1200&Prime; ca_delay=\u00a0\u00bb150&Prime;]<style>.ld_fancy_heading_69ef978fc4a62 h6{font-size:13px;letter-spacing:0.1em;color:rgb(0, 114, 188);}.ld_fancy_heading_69ef978fc4a62 .lqd-highlight-inner{height:0.275em;bottom:0px;}<\/style><div class=\"ld-fancy-heading mask-text text-uppercase ld_fancy_heading_69ef978fc4a62\">\n\t<h6 class=\"lqd-highlight-underline lqd-highlight-grow-left\" data-split-text=\"true\" data-custom-animations=\"true\" data-ca-options='{\"triggerHandler\":\"inview\",\"animationTarget\":\".lqd-lines .split-inner\",\"duration\":700,\"delay\":100,\"easing\":\"easeOutQuint\",\"direction\":\"forward\",\"initValues\":{\"scale\":1},\"animations\":{\"scale\":1}}' data-split-options='{\"type\":\"lines\"}'><span class=\"ld-fh-txt\"> nouvelles du march\u00e9<\/span><\/h6><\/div><style>.ld_fancy_heading_69ef978fc52c1 h2{font-size:60px;}.ld_fancy_heading_69ef978fc52c1 .lqd-highlight-inner{height:0.275em;bottom:0px;}<\/style><div class=\"ld-fancy-heading mask-text ld_fancy_heading_69ef978fc52c1\">\n\t<h2 class=\"lqd-highlight-underline lqd-highlight-grow-left\" data-fittext=\"true\" data-fittext-options='{\"compressor\":0.65000000000000002220446049250313080847263336181640625,\"maxFontSize\":\"currentFontSize\",\"minFontSize\":\"48\"}' data-split-text=\"true\" data-custom-animations=\"true\" data-ca-options='{\"triggerHandler\":\"inview\",\"animationTarget\":\".lqd-lines .split-inner\",\"duration\":700,\"delay\":100,\"easing\":\"easeOutQuint\",\"direction\":\"forward\",\"initValues\":{\"scale\":1},\"animations\":{\"scale\":1}}' data-split-options='{\"type\":\"lines\"}'><span class=\"ld-fh-txt\"> Derniers articles<\/span><\/h2><\/div><style>.ld_spacer_69ef978fc581f{height:32px;}<\/style>\n<div class=\"ld-empty-space ld_spacer_69ef978fc581f\"><span class=\"liquid_empty_space_inner\"><\/span><\/div>[\/vc_column][vc_column css=\u00a0\u00bb.vc_custom_1677976507801{padding-right: 1em !important;padding-left: 1em !important;}\u00a0\u00bb]<style>.ld_blog_69ef978fc595a .liquid-blog-grid{margin-left:-15px;margin-right:-15px;}.ld_blog_69ef978fc595a .liquid-blog-grid > div{padding-left:15px;padding-right:15px;}.ld_blog_69ef978fc595a .liquid-blog-grid .liquid-lp{margin-bottom:30px;}.ld_blog_69ef978fc595a .filter-list{margin-bottom:px;}.ld_blog_69ef978fc595a .liquid-blog-item .liquid-lp-title,.ld_blog_69ef978fc595a .liquid-lp .liquid-lp-title{margin-top:px;margin-bottom:px;}<\/style><div data-filter-id=\"1527500868084-772fdf80-9b25\" class=\"liquid-blog-posts ld_blog_69ef978fc595a 1527500868084-d39322f8-108f \" data-post-per-page=\"10\"><div class=\"liquid-blog-grid row\"><div class=\"col-md-4\"><article id=\"post-8211\" class=\"liquid-lp post-8211 post type-post status-publish format-standard has-post-thumbnail hentry category-nouvelles-du-marche\"><figure class=\"liquid-lp-media \"  ><a  href=\"https:\/\/mobiserveholding.com\/fr\/comment-la-5g-va-remplacer-le-haut-debit-par-cable\/\"><img loading=\"lazy\" decoding=\"async\" width=\"360\" height=\"236\" src=\"https:\/\/mobiserveholding.com\/wp-content\/uploads\/2022\/05\/1.jpg\" class=\"attachment-liquid-standard-blog size-liquid-standard-blog wp-post-image\" alt=\"\" srcset=\"https:\/\/mobiserveholding.com\/wp-content\/uploads\/2022\/05\/1.jpg 360w, https:\/\/mobiserveholding.com\/wp-content\/uploads\/2022\/05\/1-300x197.jpg 300w\" sizes=\"(max-width: 360px) 100vw, 360px\" \/><\/a><\/figure><header class=\"liquid-lp-header\">\n\t<span><span class=\"screen-reader-text\">Tags <\/span><ul class=\"liquid-lp-category \"><li><a href=\"https:\/\/mobiserveholding.com\/fr\/category\/nouvelles-du-marche\/\" rel=\"category\">Nouvelles du march\u00e9<\/a><\/li><\/ul><\/span>\t<h2 class=\"entry-title liquid-lp-title h5 text-uppercase font-weight-bold\"><a  href=\"https:\/\/mobiserveholding.com\/fr\/comment-la-5g-va-remplacer-le-haut-debit-par-cable\/\" rel=\"bookmark\">Comment la 5G va remplacer le haut d\u00e9bit par c\u00e2ble<\/a><\/h2>\t<time class=\"published updated liquid-lp-date font-style-italic\" datetime=\"2022-05-31T15:29:30+00:00\">mai 31, 2022<\/time><\/header><\/article><\/div><div class=\"col-md-4\"><article id=\"post-8104\" class=\"liquid-lp post-8104 post type-post status-publish format-standard has-post-thumbnail hentry category-nouvelles-du-marche\"><figure class=\"liquid-lp-media \"  ><a  href=\"https:\/\/mobiserveholding.com\/fr\/activite-tours-telecoms-en-afrique\/\"><img loading=\"lazy\" decoding=\"async\" width=\"360\" height=\"236\" src=\"https:\/\/mobiserveholding.com\/wp-content\/uploads\/2022\/05\/2.jpg\" class=\"attachment-liquid-standard-blog size-liquid-standard-blog wp-post-image\" alt=\"\" srcset=\"https:\/\/mobiserveholding.com\/wp-content\/uploads\/2022\/05\/2.jpg 360w, https:\/\/mobiserveholding.com\/wp-content\/uploads\/2022\/05\/2-300x197.jpg 300w\" sizes=\"(max-width: 360px) 100vw, 360px\" \/><\/a><\/figure><header class=\"liquid-lp-header\">\n\t<span><span class=\"screen-reader-text\">Tags <\/span><ul class=\"liquid-lp-category \"><li><a href=\"https:\/\/mobiserveholding.com\/fr\/category\/nouvelles-du-marche\/\" rel=\"category\">Nouvelles du march\u00e9<\/a><\/li><\/ul><\/span>\t<h2 class=\"entry-title liquid-lp-title h5 text-uppercase font-weight-bold\"><a  href=\"https:\/\/mobiserveholding.com\/fr\/activite-tours-telecoms-en-afrique\/\" rel=\"bookmark\">Activit\u00e9 tours t\u00e9l\u00e9coms en Afrique<\/a><\/h2>\t<time class=\"published updated liquid-lp-date font-style-italic\" datetime=\"2022-05-31T15:28:44+00:00\">mai 31, 2022<\/time><\/header><\/article><\/div><div class=\"col-md-4\"><article id=\"post-8105\" class=\"liquid-lp post-8105 post type-post status-publish format-standard has-post-thumbnail hentry category-nouvelles-du-marche\"><figure class=\"liquid-lp-media \"  ><a  href=\"https:\/\/mobiserveholding.com\/fr\/7-faits-etonnants-sur-lenergie-solaire\/\"><img loading=\"lazy\" decoding=\"async\" width=\"360\" height=\"236\" src=\"https:\/\/mobiserveholding.com\/wp-content\/uploads\/2022\/05\/3.jpg\" class=\"attachment-liquid-standard-blog size-liquid-standard-blog wp-post-image\" alt=\"\" srcset=\"https:\/\/mobiserveholding.com\/wp-content\/uploads\/2022\/05\/3.jpg 360w, https:\/\/mobiserveholding.com\/wp-content\/uploads\/2022\/05\/3-300x197.jpg 300w\" sizes=\"(max-width: 360px) 100vw, 360px\" \/><\/a><\/figure><header class=\"liquid-lp-header\">\n\t<span><span class=\"screen-reader-text\">Tags <\/span><ul class=\"liquid-lp-category \"><li><a href=\"https:\/\/mobiserveholding.com\/fr\/category\/nouvelles-du-marche\/\" rel=\"category\">Nouvelles du march\u00e9<\/a><\/li><\/ul><\/span>\t<h2 class=\"entry-title liquid-lp-title h5 text-uppercase font-weight-bold\"><a  href=\"https:\/\/mobiserveholding.com\/fr\/7-faits-etonnants-sur-lenergie-solaire\/\" rel=\"bookmark\">7 faits \u00e9tonnants sur l&rsquo;\u00e9nergie solaire<\/a><\/h2>\t<time class=\"published updated liquid-lp-date font-style-italic\" datetime=\"2022-05-31T15:27:54+00:00\">mai 31, 2022<\/time><\/header><\/article><\/div><div class=\"col-md-4\"><article id=\"post-8106\" class=\"liquid-lp post-8106 post type-post status-publish format-standard has-post-thumbnail hentry category-nouvelles-du-marche\"><figure class=\"liquid-lp-media \"  ><a  href=\"https:\/\/mobiserveholding.com\/fr\/solar-energy-pros-and-cons\/\"><img loading=\"lazy\" decoding=\"async\" width=\"360\" height=\"236\" src=\"https:\/\/mobiserveholding.com\/wp-content\/uploads\/2022\/10\/4.jpg\" class=\"attachment-liquid-standard-blog size-liquid-standard-blog wp-post-image\" alt=\"\" srcset=\"https:\/\/mobiserveholding.com\/wp-content\/uploads\/2022\/10\/4.jpg 360w, https:\/\/mobiserveholding.com\/wp-content\/uploads\/2022\/10\/4-300x197.jpg 300w\" sizes=\"(max-width: 360px) 100vw, 360px\" \/><\/a><\/figure><header class=\"liquid-lp-header\">\n\t<span><span class=\"screen-reader-text\">Tags <\/span><ul class=\"liquid-lp-category \"><li><a href=\"https:\/\/mobiserveholding.com\/fr\/category\/nouvelles-du-marche\/\" rel=\"category\">Nouvelles du march\u00e9<\/a><\/li><\/ul><\/span>\t<h2 class=\"entry-title liquid-lp-title h5 text-uppercase font-weight-bold\"><a  href=\"https:\/\/mobiserveholding.com\/fr\/solar-energy-pros-and-cons\/\" rel=\"bookmark\">Solar Energy Pros and Cons<\/a><\/h2>\t<time class=\"published updated liquid-lp-date font-style-italic\" datetime=\"2022-05-27T11:05:21+00:00\">mai 27, 2022<\/time><\/header><\/article><\/div><div class=\"col-md-4\"><article id=\"post-8107\" class=\"liquid-lp post-8107 post type-post status-publish format-standard has-post-thumbnail hentry category-nouvelles-du-marche\"><figure class=\"liquid-lp-media \"  ><a  href=\"https:\/\/mobiserveholding.com\/fr\/faits-sur-la-5g-ce-que-vous-devez-savoir-sur-la-technologie-sans-fil-5g\/\"><img loading=\"lazy\" decoding=\"async\" width=\"360\" height=\"236\" src=\"https:\/\/mobiserveholding.com\/wp-content\/uploads\/2022\/10\/5.jpg\" class=\"attachment-liquid-standard-blog size-liquid-standard-blog wp-post-image\" alt=\"\" srcset=\"https:\/\/mobiserveholding.com\/wp-content\/uploads\/2022\/10\/5.jpg 360w, https:\/\/mobiserveholding.com\/wp-content\/uploads\/2022\/10\/5-300x197.jpg 300w\" sizes=\"(max-width: 360px) 100vw, 360px\" \/><\/a><\/figure><header class=\"liquid-lp-header\">\n\t<span><span class=\"screen-reader-text\">Tags <\/span><ul class=\"liquid-lp-category \"><li><a href=\"https:\/\/mobiserveholding.com\/fr\/category\/nouvelles-du-marche\/\" rel=\"category\">Nouvelles du march\u00e9<\/a><\/li><\/ul><\/span>\t<h2 class=\"entry-title liquid-lp-title h5 text-uppercase font-weight-bold\"><a  href=\"https:\/\/mobiserveholding.com\/fr\/faits-sur-la-5g-ce-que-vous-devez-savoir-sur-la-technologie-sans-fil-5g\/\" rel=\"bookmark\">Faits sur la 5G : ce que vous devez savoir sur la technologie sans fil 5G<\/a><\/h2>\t<time class=\"published updated liquid-lp-date font-style-italic\" datetime=\"2022-05-26T11:06:36+00:00\">mai 26, 2022<\/time><\/header><\/article><\/div><\/div><!--\/ .row --><\/div><!--\/ .liquid-blog-posts -->[\/vc_column][\/vc_row]<\/p>\n<\/div>","protected":false},"excerpt":{"rendered":"<p>[vc_row css=\u00a0\u00bb.vc_custom_1537449467884{padding-top: 50px !important;padding-bottom: 75px !important;}\u00a0\u00bb][vc_column width=\u00a0\u00bb5\/6&Prime; enable_content_animation=\u00a0\u00bbyes\u00a0\u00bb ca_init_scale_x=\u00a0\u00bb1&Prime; ca_init_scale_y=\u00a0\u00bb1&Prime; ca_init_scale_z=\u00a0\u00bb1&Prime; ca_init_opacity=\u00a0\u00bb1&Prime; ca_an_scale_x=\u00a0\u00bb1&Prime; ca_an_scale_y=\u00a0\u00bb1&Prime; ca_an_scale_z=\u00a0\u00bb1&Prime;&#8230;<\/p>\n","protected":false},"author":1,"featured_media":0,"parent":0,"menu_order":0,"comment_status":"closed","ping_status":"closed","template":"","meta":{"footnotes":""},"_links":{"self":[{"href":"https:\/\/mobiserveholding.com\/fr\/wp-json\/wp\/v2\/pages\/7586"}],"collection":[{"href":"https:\/\/mobiserveholding.com\/fr\/wp-json\/wp\/v2\/pages"}],"about":[{"href":"https:\/\/mobiserveholding.com\/fr\/wp-json\/wp\/v2\/types\/page"}],"author":[{"embeddable":true,"href":"https:\/\/mobiserveholding.com\/fr\/wp-json\/wp\/v2\/users\/1"}],"replies":[{"embeddable":true,"href":"https:\/\/mobiserveholding.com\/fr\/wp-json\/wp\/v2\/comments?post=7586"}],"version-history":[{"count":4,"href":"https:\/\/mobiserveholding.com\/fr\/wp-json\/wp\/v2\/pages\/7586\/revisions"}],"predecessor-version":[{"id":8033,"href":"https:\/\/mobiserveholding.com\/fr\/wp-json\/wp\/v2\/pages\/7586\/revisions\/8033"}],"wp:attachment":[{"href":"https:\/\/mobiserveholding.com\/fr\/wp-json\/wp\/v2\/media?parent=7586"}],"curies":[{"name":"wp","href":"https:\/\/api.w.org\/{rel}","templated":true}]}}