{"id":7606,"date":"2022-06-13T05:07:04","date_gmt":"2022-06-13T05:07:04","guid":{"rendered":"http:\/\/localhost\/mobiserve\/solutions-energetiques\/"},"modified":"2025-12-26T07:55:02","modified_gmt":"2025-12-26T07:55:02","slug":"solutions-energetiques","status":"publish","type":"page","link":"https:\/\/mobiserveholding.com\/fr\/solutions-energetiques\/","title":{"rendered":"Solutions \u00e9nerg\u00e9tiques"},"content":{"rendered":"<div class=\"wpb-content-wrapper\"><p>[vc_row equal_height=\u00a0\u00bbyes\u00a0\u00bb content_placement=\u00a0\u00bbmiddle\u00a0\u00bb css=\u00a0\u00bb.vc_custom_1678134071018{padding-top: 70px !important;padding-right: 1em !important;padding-bottom: 70px !important;padding-left: 1em !important;}\u00a0\u00bb responsive_css=\u00a0\u00bbpadding_top_medium:120px|padding_bottom_medium:100px\u00a0\u00bb el_id=\u00a0\u00bb\u00e0 propos de\u00a0\u00bb][vc_column parallax=\u00a0\u00bbyes\u00a0\u00bb scale_from_x=\u00a0\u00bb1&Prime; scale_from_y=\u00a0\u00bb1&Prime; scale_from_z=\u00a0\u00bb1&Prime; from_opacity=\u00a0\u00bb1&Prime; scale_to_x=\u00a0\u00bb1&Prime; scale_to_y=\u00a0\u00bb1&Prime; scale_to_z=\u00a0\u00bb1&Prime; to_opacity=\u00a0\u00bb1&Prime; enable_content_animation=\u00a0\u00bbyes\u00a0\u00bb ca_init_scale_x=\u00a0\u00bb1&Prime; ca_init_scale_y=\u00a0\u00bb1&Prime; ca_init_scale_z=\u00a0\u00bb1&Prime; ca_init_opacity=\u00a0\u00bb0&Prime; ca_an_scale_x=\u00a0\u00bb1&Prime; ca_an_scale_y=\u00a0\u00bb1&Prime; ca_an_scale_z=\u00a0\u00bb1&Prime; ca_an_opacity=\u00a0\u00bb1&Prime; offset=\u00a0\u00bbvc_col-lg-5 vc_col-md-6&Prime; translate_from_y=\u00a0\u00bb-89&Prime; ca_init_translate_y=\u00a0\u00bb49&Prime;]<style>.ld_fancy_heading_69ef813237214 h6{font-size:12px;font-weight:600;letter-spacing:0.2em;color:rgb(0, 114, 188);}.ld_fancy_heading_69ef813237214 .lqd-highlight-inner{height:0.275em;bottom:0px;}<\/style><div class=\"ld-fancy-heading text-uppercase ld_fancy_heading_69ef813237214\">\n\t<h6 class=\"lqd-highlight-underline lqd-highlight-grow-left\" ><span class=\"ld-fh-txt\"> Aper\u00e7u des services<\/span><\/h6><\/div>[vc_empty_space height=\u00a0\u00bb15px\u00a0\u00bb]<style>.ld_fancy_heading_69ef813237c30 h2{font-size:32px;line-height:1.3em;font-weight:700;color:rgb(24, 27, 49);}.ld_fancy_heading_69ef813237c30 .lqd-highlight-inner{height:0.275em;bottom:0px;}<\/style><div class=\"ld-fancy-heading ld_fancy_heading_69ef813237c30\">\n\t<h2 class=\"lqd-highlight-underline lqd-highlight-grow-left\" ><span class=\"ld-fh-txt\"> Solutions \u00e9nerg\u00e9tiques cl\u00e9s en main<\/span><\/h2><\/div><style>.ld_fancy_heading_69ef81323821b .lqd-highlight-inner{height:0.275em;bottom:0px;}<\/style><div class=\"ld-fancy-heading ld_fancy_heading_69ef81323821b\">\n\t<p class=\"lqd-highlight-underline lqd-highlight-grow-left\" ><span class=\"ld-fh-txt\"> <\/p>\n<p style=\"margin-bottom: 20px;font-size: 16px;line-height: 30px\">Mobiserve est en mesure de fournir des solutions \u00e9nerg\u00e9tiques cl\u00e9s en main pour alimenter diff\u00e9rents types d&rsquo;installations :<\/p>\n<ul>\n<li style=\"margin-bottom: 20px;font-size: 16px;line-height: 30px\">Installation et maintenance de syst\u00e8mes d&rsquo;\u00e9nergie solaire cl\u00e9s en main.<\/li>\n<li style=\"margin-bottom: 20px;font-size: 16px;line-height: 30px\">Installation et maintenance de syst\u00e8mes d&rsquo;alimentation hybrides combinant \u00e0 la fois des syst\u00e8mes d&rsquo;alimentation solaire et des g\u00e9n\u00e9rateurs pour charger les batteries de mani\u00e8re ad\u00e9quate afin de faire fonctionner les sites 24 heures sur 24 et 7 jours sur 7. Avec la possibilit\u00e9 de contr\u00f4ler les syst\u00e8mes hybrides pour basculer entre les diff\u00e9rentes sources d&rsquo;\u00e9nergie (batteries du g\u00e9n\u00e9rateur de r\u00e9seau et syst\u00e8me solaire) afin d&rsquo;\u00e9conomiser les consommations d&rsquo;\u00e9nergie en fonction des param\u00e8tres configur\u00e9s.<\/li>\n<\/ul>\n<p><\/span><\/p><\/div>[\/vc_column][vc_column offset=\u00a0\u00bbvc_col-lg-offset-1 vc_col-lg-6 vc_col-md-offset-1 vc_col-md-5&Prime;]<div id=\"ld_images_group_container_69ef813238572\" class=\"liquid-img-group-container ld_images_group_container_69ef813238572\"  data-parallax=\"true\" data-parallax-options='{\"overflowHidden\":false,\"easing\":\"linear\"}'>\n\t<div class=\"liquid-img-group-inner\">\n\t\t<div id=\"ld_images_group_element_69ef813238731\" class=\"liquid-img-group-single ld_images_group_element_69ef813238731\" data-roundness=\"8\">\n\t\n\t\t\n\t<div class=\"liquid-img-group-img-container\">\n\t\t\n\t\t\n\t\t\t\t\n\t\t\t\t<div class=\"liquid-img-container-inner\" >\n\t\t\t<figure ><img loading=\"lazy\" decoding=\"async\" width=\"720\" height=\"404\" src=\"https:\/\/mobiserveholding.com\/wp-content\/uploads\/2023\/01\/Untitled-design-2021-08-18T120552.419.png\" srcset=\"https:\/\/mobiserveholding.com\/wp-content\/uploads\/2023\/01\/Untitled-design-2021-08-18T120552.419-300x169.png 300w, https:\/\/mobiserveholding.com\/wp-content\/uploads\/2023\/01\/Untitled-design-2021-08-18T120552.419.png 900w\" class=\"\" alt=\"\" \/><\/figure>\t\t\t\t\t<\/div><!-- \/.liquid-img-container-inner -->\n\t\t\n\t<\/div><!-- \/.liquid-img-group-content -->\n<\/div><!-- \/.liquid-img-group-single -->\n\t\n\t<\/div><!-- \/.liquid-img-group-inner -->\n<\/div><!-- \/.liquid-img-group-container -->[\/vc_column][\/vc_row][vc_row content_placement=\u00a0\u00bbmiddle\u00a0\u00bb css=\u00a0\u00bb.vc_custom_1678134082294{padding-top: 70px !important;padding-right: 1em !important;padding-bottom: 70px !important;padding-left: 1em !important;background-color: #f7f9fb !important;}\u00a0\u00bb][vc_column align=\u00a0\u00bbtext-center\u00a0\u00bb offset=\u00a0\u00bbvc_col-md-offset-0 vc_col-md-6&Prime;]<div id=\"ld_images_group_container_69ef813238bd7\" class=\"liquid-img-group-container ld_images_group_container_69ef813238bd7\"  >\n\t<div class=\"liquid-img-group-inner\">\n\t\t<div id=\"ld_images_group_element_69ef813238d22\" class=\"liquid-img-group-single ld_images_group_element_69ef813238d22\" data-shadow-style=\"4\" data-roundness=\"4\" data-inview=\"true\" data-animate-shadow=\"true\">\n\t\n\t\t\n\t<div class=\"liquid-img-group-img-container\">\n\t\t\n\t\t\n\t\t\t\t\n\t\t\t\t<div class=\"liquid-img-container-inner\" >\n\t\t\t<figure ><img loading=\"lazy\" decoding=\"async\" width=\"1946\" height=\"1026\" src=\"https:\/\/mobiserveholding.com\/wp-content\/uploads\/2022\/06\/Image-10.png\" class=\"attachment-full size-full\" alt=\"\" srcset=\"https:\/\/mobiserveholding.com\/wp-content\/uploads\/2022\/06\/Image-10.png 1946w, https:\/\/mobiserveholding.com\/wp-content\/uploads\/2022\/06\/Image-10-300x158.png 300w, https:\/\/mobiserveholding.com\/wp-content\/uploads\/2022\/06\/Image-10-1024x540.png 1024w\" sizes=\"(max-width: 1946px) 100vw, 1946px\" \/><\/figure>\t\t\t\t\t<\/div><!-- \/.liquid-img-container-inner -->\n\t\t\n\t<\/div><!-- \/.liquid-img-group-content -->\n<\/div><!-- \/.liquid-img-group-single -->\n\t\n\t<\/div><!-- \/.liquid-img-group-inner -->\n<\/div><!-- \/.liquid-img-group-container -->[\/vc_column][vc_column enable_content_animation=\u00a0\u00bbyes\u00a0\u00bb ca_init_scale_x=\u00a0\u00bb1&Prime; ca_init_scale_y=\u00a0\u00bb1&Prime; ca_init_scale_z=\u00a0\u00bb1&Prime; ca_init_opacity=\u00a0\u00bb0&Prime; ca_an_scale_x=\u00a0\u00bb1&Prime; ca_an_scale_y=\u00a0\u00bb1&Prime; ca_an_scale_z=\u00a0\u00bb1&Prime; ca_an_opacity=\u00a0\u00bb1&Prime; offset=\u00a0\u00bbvc_col-md-6&Prime; responsive_css=\u00a0\u00bbpadding_right_medium:7%25|padding_left_medium:12%25&Prime; ca_duration=\u00a0\u00bb1600&Prime; ca_delay=\u00a0\u00bb160&Prime; ca_init_translate_y=\u00a0\u00bb30&Prime;]<style>.ld_fancy_heading_69ef8132390c8 h2{font-size:32px;}.ld_fancy_heading_69ef8132390c8 h2 {margin-bottom:0.75em !important;  } .ld_fancy_heading_69ef8132390c8 .lqd-highlight-inner{height:0.275em;bottom:0px;}.ld_fancy_heading_69ef8132390c8 h2 {margin-bottom:0.75em !important;  } <\/style><div class=\"ld-fancy-heading ld_fancy_heading_69ef8132390c8\">\n\t<h2 class=\"lqd-highlight-underline lqd-highlight-grow-left\" ><span class=\"ld-fh-txt\"> Contr\u00f4le et surveillance<\/span><\/h2><\/div><style>.ld_fancy_heading_69ef813239248 p{font-size:17px;line-height:1.68em;}.ld_fancy_heading_69ef813239248 p {margin-bottom:2em !important;  } .ld_fancy_heading_69ef813239248 .lqd-highlight-inner{height:0.275em;bottom:0px;}.ld_fancy_heading_69ef813239248 p {margin-bottom:2em !important;  } <\/style><div class=\"ld-fancy-heading ld_fancy_heading_69ef813239248\">\n\t<p class=\"lqd-highlight-underline lqd-highlight-grow-left\" ><span class=\"ld-fh-txt\"> Nos solutions permettent de surveiller et de contr\u00f4ler l&rsquo;acc\u00e8s et la surveillance de la s\u00e9curit\u00e9.<\/p>\n<ul>\n<li>Capacit\u00e9 \u00e0 surveiller tous les param\u00e8tres du site \u00e0 distance et \u00e0 effectuer les analyses n\u00e9cessaires pour pr\u00e9parer les actions correctives et pr\u00e9ventives dans les d\u00e9lais impartis, sans attendre les contr\u00f4les physiques de routine.<\/li>\n<\/ul>\n<p><\/span><\/p><\/div><style>.ld_spacer_69ef81323937a{height:32px;}<\/style>\n<div class=\"ld-empty-space ld_spacer_69ef81323937a\"><span class=\"liquid_empty_space_inner\"><\/span><\/div>[\/vc_column][\/vc_row][vc_row css=\u00a0\u00bb.vc_custom_1678134140363{padding-top: 70px !important;padding-right: 1em !important;padding-left: 1em !important;}\u00a0\u00bb][vc_column align=\u00a0\u00bbtext-center\u00a0\u00bb]<header class=\"fancy-title ld_section_title_69ef81323948a\">\n\t<h2>Solutions d&#039;alimentation compl\u00e8te en courant continu<\/h2>\t\t<div class=\"st-desc\"><p>Pour les solutions d&rsquo;alimentation compl\u00e8te en courant continu, Mobiserve est \u00e9galement en mesure de proposer diff\u00e9rentes activit\u00e9s de fourniture, d&rsquo;installation et de mise \u00e0 niveau :<\/p>\n<\/div><\/header>[\/vc_column][\/vc_row][vc_row css=\u00a0\u00bb.vc_custom_1678134151373{padding-right: 1em !important;padding-bottom: 70px !important;padding-left: 1em !important;}\u00a0\u00bb][vc_column width=\u00a0\u00bb1\/3&Prime;]<style>.ld_icon_box_69ef813239678 .iconbox-icon-container{color:rgb(41, 54, 92);background:rgba(255, 255, 255, 0);border-radius:px;}.ld_icon_box_69ef813239678:hover .iconbox-icon-container{color:rgb(255, 255, 255);}.ld_icon_box_69ef813239678 .iconbox-icon-container:before{border-color:rgba(255, 255, 255, 0);}.ld_icon_box_69ef813239678 .iconbox-icon-container .iconbox-icon-hover-bg{background:-webkit-linear-gradient(115deg, rgb(11, 204, 238) 0.6369426751592356%, rgb(0, 113, 187) 100%);background:linear-gradient(115deg, rgb(11, 204, 238) 0.6369426751592356%, rgb(0, 113, 187) 100%);}.ld_icon_box_69ef813239678:hover .iconbox-icon-container:before{border-color:-webkit-linear-gradient(115deg, rgb(11, 204, 238) 0.6369426751592356%, rgb(0, 113, 187) 100%);border-color:linear-gradient(115deg, rgb(11, 204, 238) 0.6369426751592356%, rgb(0, 113, 187) 100%);}.ld_icon_box_69ef813239678 h3{margin-bottom:20px;}<\/style>\n<div class=\"iconbox iconbox-icon-shadow iconbox-circle iconbox-xl iconbox-heading-sm ld_icon_box_69ef813239678\" id=\"ld_icon_box_69ef813239678\"  data-animate-icon=\"true\" data-plugin-options='{\"resetOnHover\":true,\"color\":\"rgb(41, 54, 92)\",\"hoverColor\":\"rgb(255, 255, 255)\"}'  >\n\t\n\t\t<div class=\"iconbox-icon-wrap\"><span class=\"iconbox-icon-container\"><span class=\"iconbox-icon-hover-bg\"><\/span><?xml version=\"1.0\" encoding=\"utf-8\"?>\r\n<!-- Generator: Adobe Illustrator 16.0.0, SVG Export Plug-In . SVG Version: 6.00 Build 0)  -->\r\n<!DOCTYPE svg PUBLIC \"-\/\/W3C\/\/DTD SVG 1.1\/\/EN\" \"http:\/\/www.w3.org\/Graphics\/SVG\/1.1\/DTD\/svg11.dtd\">\r\n<svg version=\"1.1\" id=\"Layer_1\" xmlns=\"http:\/\/www.w3.org\/2000\/svg\" xmlns:xlink=\"http:\/\/www.w3.org\/1999\/xlink\" x=\"0px\" y=\"0px\"\r\n\t width=\"64px\" height=\"64px\" viewBox=\"0 0 64 64\" enable-background=\"new 0 0 64 64\" xml:space=\"preserve\">\r\n<path fill=\"none\" stroke=\"#000000\" stroke-width=\"2\" stroke-miterlimit=\"10\" d=\"M41,50h14c4.565,0,8-3.582,8-8s-3.435-8-8-8\r\n\tc0-11.046-9.52-20-20.934-20C23.966,14,14.8,20.732,13,30c0,0-0.831,0-1.667,0C5.626,30,1,34.477,1,40s4.293,10,10,10H41\"\/>\r\n<polyline fill=\"none\" stroke=\"#000000\" stroke-width=\"2\" stroke-linejoin=\"bevel\" stroke-miterlimit=\"10\" points=\"23.998,34 \r\n\t31.998,26 39.998,34 \"\/>\r\n<g>\r\n\t<line fill=\"none\" stroke=\"#000000\" stroke-width=\"2\" stroke-miterlimit=\"10\" x1=\"31.998\" y1=\"26\" x2=\"31.998\" y2=\"46\"\/>\r\n<\/g>\r\n<\/svg>\r\n<\/span><\/div><!-- \/.iconbox-icon-wrap -->\t\n\t\t\n\t<div class=\"contents\">\t\n\t<h3 class=\"font-weight-semibold\" >Mise \u00e0 niveau<\/h3>\t<p>\u00c9change de redresseursMise \u00e0 niveau des armoires suppl\u00e9mentaires<\/p>\n\t\t\n\t<\/div>\t\n\t\n<\/div>\n[\/vc_column][vc_column width=\u00a0\u00bb1\/3&Prime;]<style>.ld_icon_box_69ef81323ea19 .iconbox-icon-container{color:rgb(41, 54, 92);background:rgba(255, 255, 255, 0);border-radius:px;}.ld_icon_box_69ef81323ea19:hover .iconbox-icon-container{color:rgb(255, 255, 255);}.ld_icon_box_69ef81323ea19 .iconbox-icon-container:before{border-color:rgba(255, 255, 255, 0);}.ld_icon_box_69ef81323ea19 .iconbox-icon-container .iconbox-icon-hover-bg{background:-webkit-linear-gradient(115deg, rgb(11, 204, 238) 0.6369426751592356%, rgb(0, 113, 187) 100%);background:linear-gradient(115deg, rgb(11, 204, 238) 0.6369426751592356%, rgb(0, 113, 187) 100%);}.ld_icon_box_69ef81323ea19:hover .iconbox-icon-container:before{border-color:-webkit-linear-gradient(115deg, rgb(11, 204, 238) 0.6369426751592356%, rgb(0, 113, 187) 100%);border-color:linear-gradient(115deg, rgb(11, 204, 238) 0.6369426751592356%, rgb(0, 113, 187) 100%);}.ld_icon_box_69ef81323ea19 h3{margin-bottom:20px;}<\/style>\n<div class=\"iconbox iconbox-icon-shadow iconbox-circle iconbox-xl iconbox-heading-xs ld_icon_box_69ef81323ea19\" id=\"ld_icon_box_69ef81323ea19\"  data-animate-icon=\"true\" data-plugin-options='{\"resetOnHover\":true,\"color\":\"rgb(41, 54, 92)\",\"hoverColor\":\"rgb(255, 255, 255)\"}'  >\n\t\n\t\t<div class=\"iconbox-icon-wrap\"><span class=\"iconbox-icon-container\"><span class=\"iconbox-icon-hover-bg\"><\/span><?xml version=\"1.0\" encoding=\"utf-8\"?>\r\n<!-- Generator: Adobe Illustrator 16.0.0, SVG Export Plug-In . SVG Version: 6.00 Build 0)  -->\r\n<!DOCTYPE svg PUBLIC \"-\/\/W3C\/\/DTD SVG 1.1\/\/EN\" \"http:\/\/www.w3.org\/Graphics\/SVG\/1.1\/DTD\/svg11.dtd\">\r\n<svg version=\"1.1\" id=\"Layer_1\" xmlns=\"http:\/\/www.w3.org\/2000\/svg\" xmlns:xlink=\"http:\/\/www.w3.org\/1999\/xlink\" x=\"0px\" y=\"0px\"\r\n\t width=\"64px\" height=\"64px\" viewBox=\"0 0 64 64\" enable-background=\"new 0 0 64 64\" xml:space=\"preserve\">\r\n<path fill=\"none\" stroke=\"#000000\" stroke-width=\"2\" stroke-linejoin=\"bevel\" stroke-miterlimit=\"10\" d=\"M59,56\r\n\tc0,3.866-11.641,7-26,7S7,59.866,7,56\"\/>\r\n<path fill=\"none\" stroke=\"#000000\" stroke-width=\"2\" stroke-linejoin=\"bevel\" stroke-miterlimit=\"10\" d=\"M59,40\r\n\tc0,3.866-11.641,7-26,7S7,43.866,7,40\"\/>\r\n<path fill=\"none\" stroke=\"#000000\" stroke-width=\"2\" stroke-linejoin=\"bevel\" stroke-miterlimit=\"10\" d=\"M59,24\r\n\tc0,3.866-11.641,7-26,7S7,27.866,7,24\"\/>\r\n<ellipse fill=\"none\" stroke=\"#000000\" stroke-width=\"2\" stroke-linejoin=\"bevel\" stroke-miterlimit=\"10\" cx=\"33\" cy=\"8\" rx=\"26\" ry=\"7\"\/>\r\n<line fill=\"none\" stroke=\"#000000\" stroke-width=\"2\" stroke-linejoin=\"bevel\" stroke-miterlimit=\"10\" x1=\"7\" y1=\"8\" x2=\"7\" y2=\"56\"\/>\r\n<line fill=\"none\" stroke=\"#000000\" stroke-width=\"2\" stroke-linejoin=\"bevel\" stroke-miterlimit=\"10\" x1=\"59\" y1=\"8\" x2=\"59\" y2=\"56\"\/>\r\n<\/svg>\r\n<\/span><\/div><!-- \/.iconbox-icon-wrap -->\t\n\t\t\n\t<div class=\"contents\">\t\n\t<h3 class=\"font-weight-semibold\" >Installation<\/h3>\t<p>Ajout\/suppression de batteries Ajout\/suppression de modules Ajout de nouvelles baies<\/p>\n\t\t\n\t<\/div>\t\n\t\n<\/div>\n[\/vc_column][vc_column width=\u00a0\u00bb1\/3&Prime;]<style>.ld_icon_box_69ef8132430b3 .iconbox-icon-container{color:rgb(41, 54, 92);background:rgba(255, 255, 255, 0);border-radius:px;}.ld_icon_box_69ef8132430b3:hover .iconbox-icon-container{color:rgb(255, 255, 255);}.ld_icon_box_69ef8132430b3 .iconbox-icon-container:before{border-color:rgba(255, 255, 255, 0);}.ld_icon_box_69ef8132430b3 .iconbox-icon-container .iconbox-icon-hover-bg{background:-webkit-linear-gradient(115deg, rgb(11, 204, 238) 0.6369426751592356%, rgb(0, 113, 187) 100%);background:linear-gradient(115deg, rgb(11, 204, 238) 0.6369426751592356%, rgb(0, 113, 187) 100%);}.ld_icon_box_69ef8132430b3:hover .iconbox-icon-container:before{border-color:-webkit-linear-gradient(115deg, rgb(11, 204, 238) 0.6369426751592356%, rgb(0, 113, 187) 100%);border-color:linear-gradient(115deg, rgb(11, 204, 238) 0.6369426751592356%, rgb(0, 113, 187) 100%);}.ld_icon_box_69ef8132430b3 h3{margin-bottom:20px;}<\/style>\n<div class=\"iconbox iconbox-icon-shadow iconbox-circle iconbox-xl iconbox-heading-xs ld_icon_box_69ef8132430b3\" id=\"ld_icon_box_69ef8132430b3\"  data-animate-icon=\"true\" data-plugin-options='{\"resetOnHover\":true,\"color\":\"rgb(41, 54, 92)\",\"hoverColor\":\"rgb(255, 255, 255)\"}'  >\n\t\n\t\t<div class=\"iconbox-icon-wrap\"><span class=\"iconbox-icon-container\"><span class=\"iconbox-icon-hover-bg\"><\/span><?xml version=\"1.0\" encoding=\"utf-8\"?>\r\n<!-- Generator: Adobe Illustrator 16.0.0, SVG Export Plug-In . SVG Version: 6.00 Build 0)  -->\r\n<!DOCTYPE svg PUBLIC \"-\/\/W3C\/\/DTD SVG 1.1\/\/EN\" \"http:\/\/www.w3.org\/Graphics\/SVG\/1.1\/DTD\/svg11.dtd\">\r\n<svg version=\"1.1\" id=\"Layer_1\" xmlns=\"http:\/\/www.w3.org\/2000\/svg\" xmlns:xlink=\"http:\/\/www.w3.org\/1999\/xlink\" x=\"0px\" y=\"0px\"\r\n\t width=\"64px\" height=\"64px\" viewBox=\"0 0 64 64\" enable-background=\"new 0 0 64 64\" xml:space=\"preserve\">\r\n<g>\r\n\t<polygon fill=\"none\" stroke=\"#000000\" stroke-width=\"2\" stroke-miterlimit=\"10\" points=\"32,1 26,1 26,10 20,12 14,6 6,14 12,20 \r\n\t\t10,26 1,26 1,38 10,38 12,44 6,50 14,58 20,52 26,54 26,63 32,63 38,63 38,54 44,52 50,58 58,50 52,44 54,38 63,38 63,26 54,26 \r\n\t\t52,20 58,14 50,6 44,12 38,10 38,1 \t\"\/>\r\n\t<circle fill=\"none\" stroke=\"#000000\" stroke-width=\"2\" stroke-miterlimit=\"10\" cx=\"32\" cy=\"32\" r=\"6\"\/>\r\n<\/g>\r\n<\/svg>\r\n<\/span><\/div><!-- \/.iconbox-icon-wrap -->\t\n\t\t\n\t<div class=\"contents\">\t\n\t<h3 class=\"font-weight-semibold\" >R\u00e9paration<\/h3>\t<p>R\u00e9paration des appareils d\u00e9fectueux dans nos ateliers pour gagner du temps et de l&rsquo;argent<\/p>\n\t\t\n\t<\/div>\t\n\t\n<\/div>\n[\/vc_column][\/vc_row][vc_row content_placement=\u00a0\u00bbmiddle\u00a0\u00bb enable_gradient=\u00a0\u00bbyes\u00a0\u00bb css=\u00a0\u00bb.vc_custom_1678134160530{padding-top: 85px !important;padding-right: 1em !important;padding-bottom: 40px !important;padding-left: 1em !important;background-position: center !important;background-repeat: no-repeat !important;background-size: cover !important;}\u00a0\u00bb gradient_bg=\u00a0\u00bblinear-gradient(98deg, #0bccee 0%, rgb(0, 113, 187) 100%)\u00a0\u00bb][vc_column align=\u00a0\u00bbtext-center\u00a0\u00bb offset=\u00a0\u00bbvc_col-md-7&Prime; responsive_align=\u00a0\u00bbtext-md-left\u00a0\u00bb css=\u00a0\u00bb.vc_custom_1531743285914{margin-bottom: 45px !important;}\u00a0\u00bb]<style>.ld_fancy_heading_69ef813246ec9 h2{font-size:45px;line-height:1.2em;font-weight:600;letter-spacing:-0.015em;color:rgb(255, 255, 255);}@media (min-width: 992px) { .ld_fancy_heading_69ef813246ec9 h2 {margin-bottom:0px !important;  }  } .ld_fancy_heading_69ef813246ec9 .lqd-highlight-inner{height:0.275em;bottom:0px;}@media (min-width: 992px) { .ld_fancy_heading_69ef813246ec9 h2 {margin-bottom:0px !important;  }  } <\/style><div class=\"ld-fancy-heading mask-text text-underline ld_fancy_heading_69ef813246ec9\">\n\t<h2 class=\"lqd-highlight-underline lqd-highlight-grow-left\" data-fittext=\"true\" data-fittext-options='{\"compressor\":0.5,\"maxFontSize\":\"currentFontSize\",\"minFontSize\":\"35\"}' data-split-text=\"true\" data-custom-animations=\"true\" data-ca-options='{\"triggerHandler\":\"inview\",\"animationTarget\":\".lqd-lines .split-inner\",\"duration\":700,\"delay\":100,\"easing\":\"easeOutQuint\",\"direction\":\"forward\",\"initValues\":{\"translateY\":84,\"rotateZ\":10},\"animations\":{\"translateY\":0,\"rotateZ\":0}}' data-split-options='{\"type\":\"lines\"}'><span class=\"ld-fh-txt\"> Trouvez le meilleur t\u00e9l\u00e9com Solutions <strong><span style=\"color: #012f47\">Pour votre entreprise.<\/span><br \/>\n<\/strong><\/span><\/h2><\/div>[\/vc_column][vc_column enable_content_animation=\u00a0\u00bbyes\u00a0\u00bb ca_init_scale_x=\u00a0\u00bb1&Prime; ca_init_scale_y=\u00a0\u00bb1&Prime; ca_init_scale_z=\u00a0\u00bb1&Prime; ca_init_opacity=\u00a0\u00bb0&Prime; ca_an_scale_x=\u00a0\u00bb1&Prime; ca_an_scale_y=\u00a0\u00bb1&Prime; ca_an_scale_z=\u00a0\u00bb1&Prime; ca_an_opacity=\u00a0\u00bb1&Prime; align=\u00a0\u00bbtext-center\u00a0\u00bb offset=\u00a0\u00bbvc_col-md-offset-2 vc_col-md-3&Prime; ca_init_translate_y=\u00a0\u00bb39&Prime; responsive_align=\u00a0\u00bbtext-md-right\u00a0\u00bb]<style>.ld_button_69ef813247591.btn-icon-solid .btn-icon{background:rgb(255, 255, 255);}.ld_button_69ef813247591.btn-icon-circle.btn-icon-ripple .btn-icon:before{border-color:rgb(255, 255, 255);}.ld_button_69ef813247591.btn-icon-solid:hover .btn-icon{background:rgb(0, 0, 0);}.ld_button_69ef813247591{background-color:rgb(255, 255, 255);border-color:rgb(255, 255, 255);color:rgb(0, 0, 0);font-size:16px !important;letter-spacing:0.01em !important;}.ld_button_69ef813247591:hover{background-color:rgb(0, 0, 0);border-color:rgb(0, 0, 0);}.ld_button_69ef813247591 .btn-gradient-bg-hover{background:-webkit-linear-gradient(to right, rgb(0, 0, 0) 0%, rgb(0, 0, 0) 100%);background:linear-gradient(to right, rgb(0, 0, 0) 0%, rgb(0, 0, 0) 100%);}.ld_button_69ef813247591 .btn-gradient-border defs stop:first-child{stop-color:rgb(255, 255, 255);}.ld_button_69ef813247591 .btn-gradient-border defs stop:last-child{stop-color:rgb(255, 255, 255);}.ld_button_69ef813247591:hover .btn-gradient-border defs stop:first-child{stop-color:rgb(0, 0, 0);}.ld_button_69ef813247591:hover .btn-gradient-border defs stop:last-child{stop-color:rgb(0, 0, 0);}<\/style><a href=\"https:\/\/mobiserveholding.com\/fr\/contact\/\" class=\"btn btn-solid round btn-bordered border-thin ld_button_69ef813247591 vc_custom_1766735693167\">\n\t<span>\n\t\t\n\t\t\t\t\t<span class=\"btn-txt\">Nous contacter<\/span>\n\t\t\t\n\t\t\t\t<\/span>\n<\/a>\n[vc_empty_space height=\u00a0\u00bb25px\u00a0\u00bb][\/vc_column][\/vc_row]<\/p>\n<\/div>","protected":false},"excerpt":{"rendered":"<p>[vc_row equal_height=\u00a0\u00bbyes\u00a0\u00bb content_placement=\u00a0\u00bbmiddle\u00a0\u00bb css=\u00a0\u00bb.vc_custom_1678134071018{padding-top: 70px !important;padding-right: 1em !important;padding-bottom: 70px !important;padding-left: 1em !important;}\u00a0\u00bb responsive_css=\u00a0\u00bbpadding_top_medium:120px|padding_bottom_medium:100px\u00a0\u00bb el_id=\u00a0\u00bb\u00e0 propos&#8230;<\/p>\n","protected":false},"author":1,"featured_media":0,"parent":0,"menu_order":0,"comment_status":"closed","ping_status":"closed","template":"","meta":{"footnotes":""},"_links":{"self":[{"href":"https:\/\/mobiserveholding.com\/fr\/wp-json\/wp\/v2\/pages\/7606"}],"collection":[{"href":"https:\/\/mobiserveholding.com\/fr\/wp-json\/wp\/v2\/pages"}],"about":[{"href":"https:\/\/mobiserveholding.com\/fr\/wp-json\/wp\/v2\/types\/page"}],"author":[{"embeddable":true,"href":"https:\/\/mobiserveholding.com\/fr\/wp-json\/wp\/v2\/users\/1"}],"replies":[{"embeddable":true,"href":"https:\/\/mobiserveholding.com\/fr\/wp-json\/wp\/v2\/comments?post=7606"}],"version-history":[{"count":14,"href":"https:\/\/mobiserveholding.com\/fr\/wp-json\/wp\/v2\/pages\/7606\/revisions"}],"predecessor-version":[{"id":9858,"href":"https:\/\/mobiserveholding.com\/fr\/wp-json\/wp\/v2\/pages\/7606\/revisions\/9858"}],"wp:attachment":[{"href":"https:\/\/mobiserveholding.com\/fr\/wp-json\/wp\/v2\/media?parent=7606"}],"curies":[{"name":"wp","href":"https:\/\/api.w.org\/{rel}","templated":true}]}}