{"id":7623,"date":"2018-09-13T10:17:15","date_gmt":"2018-09-13T10:17:15","guid":{"rendered":"http:\/\/localhost\/mobiserve\/contact\/"},"modified":"2025-12-23T21:12:27","modified_gmt":"2025-12-23T21:12:27","slug":"contact","status":"publish","type":"page","link":"https:\/\/mobiserveholding.com\/fr\/contact\/","title":{"rendered":"Contact"},"content":{"rendered":"<div class=\"wpb-content-wrapper\"><p>[vc_row css=\u00a0\u00bb.vc_custom_1674242963863{padding-top: 60px !important;padding-bottom: 60px !important;}\u00a0\u00bb][vc_column align=\u00a0\u00bbtext-center\u00a0\u00bb]<style>.ld_fancy_heading_69fccb81d12aa .lqd-highlight-inner{height:0.275em;bottom:0px;}<\/style><div class=\"ld-fancy-heading ld_fancy_heading_69fccb81d12aa\">\n\t<h2 class=\"lqd-highlight-underline lqd-highlight-grow-left\" ><span class=\"ld-fh-txt\"> <small><i class=\"icon-liquid_map_pin mr-2 fa-1x\"><\/i><\/small>\u00c9mirats arabes unis<\/span><\/h2><\/div><style>.ld_fancy_heading_69fccb81d1cae h6{color:rgb(128, 130, 145);}.ld_fancy_heading_69fccb81d1cae .lqd-highlight-inner{height:0.275em;bottom:0px;}<\/style><div class=\"ld-fancy-heading ld_fancy_heading_69fccb81d1cae\">\n\t<h6 class=\"lqd-highlight-underline lqd-highlight-grow-left\" ><span class=\"ld-fh-txt\"> SI\u00c8GE SOCIAL MOBISERVE<\/span><\/h6><\/div><style>.ld_fancy_heading_69fccb81d229d p{color:rgb(128, 130, 145);}.ld_fancy_heading_69fccb81d229d .lqd-highlight-inner{height:0.275em;bottom:0px;}<\/style><div class=\"ld-fancy-heading ld_fancy_heading_69fccb81d229d\">\n\t<p class=\"lqd-highlight-underline lqd-highlight-grow-left\" ><span class=\"ld-fh-txt\"> Adresse : 1205, Immeuble Sobha Ivory 2, Rue Al Asayel, B.P. 123202, Business Bay, Duba\u00ef, \u00c9mirats arabes unis<\/span><\/p><\/div>[\/vc_column][\/vc_row][vc_row css=\u00a0\u00bb.vc_custom_1674243000459{padding-top: 80px !important;padding-bottom: 80px !important;background-color: #f2f2f2 !important;}\u00a0\u00bb][vc_column width=\u00a0\u00bb1\/4&Prime; css=\u00a0\u00bb.vc_custom_1675025907109{margin-top: 10px !important;}\u00a0\u00bb]<style>.ld_fancy_heading_69fccb81d2540 h2{font-size:24px;font-weight:700;}.ld_fancy_heading_69fccb81d2540 h2 {padding-right:10px !important; padding-left:10px !important;  } .ld_fancy_heading_69fccb81d2540 h2 {margin-bottom:0.65em !important;  } .ld_fancy_heading_69fccb81d2540 .lqd-highlight-inner{height:0.275em;bottom:0px;}.ld_fancy_heading_69fccb81d2540 h2 {padding-right:10px !important; padding-left:10px !important;  } .ld_fancy_heading_69fccb81d2540 h2 {margin-bottom:0.65em !important;  } <\/style><div class=\"ld-fancy-heading ld_fancy_heading_69fccb81d2540\">\n\t<h2 class=\"lqd-highlight-underline lqd-highlight-grow-left\" ><span class=\"ld-fh-txt\"> <small><i class=\"icon-liquid_map_pin mr-2 fa-1x\"><\/i><\/small> PAKISTAN<\/span><\/h2><\/div>[vc_column_text css=\u00a0\u00bb.vc_custom_1681845686319{padding-right: 0.25em !important;padding-left: 0.25em !important;}\u00a0\u00bb]<span style=\"color: #808291; font-size: 14px;\">Centre commercial Al-Rehman, 1er \u00e9tage, G-11 Markaz, Islamabad, Pakistan<\/span>[\/vc_column_text][vc_column_text css=\u00a0\u00bb.vc_custom_1677960924942{padding-right: 0.25em !important;padding-left: 0.25em !important;}\u00a0\u00bb]<span style=\"color: #808291; font-size: 14px;\">+92-51-2223319,20<\/span>[\/vc_column_text][\/vc_column][vc_column width=\u00a0\u00bb1\/4&Prime; css=\u00a0\u00bb.vc_custom_1675025917547{margin-top: 10px !important;}\u00a0\u00bb]<style>.ld_fancy_heading_69fccb81d2720 h2{font-size:24px;font-weight:700;}.ld_fancy_heading_69fccb81d2720 h2 {padding-right:10px !important; padding-left:10px !important;  } .ld_fancy_heading_69fccb81d2720 h2 {margin-bottom:0.65em !important;  } .ld_fancy_heading_69fccb81d2720 .lqd-highlight-inner{height:0.275em;bottom:0px;}.ld_fancy_heading_69fccb81d2720 h2 {padding-right:10px !important; padding-left:10px !important;  } .ld_fancy_heading_69fccb81d2720 h2 {margin-bottom:0.65em !important;  } <\/style><div class=\"ld-fancy-heading ld_fancy_heading_69fccb81d2720\">\n\t<h2 class=\"lqd-highlight-underline lqd-highlight-grow-left\" ><span class=\"ld-fh-txt\"> <small><i class=\"icon-liquid_map_pin mr-2 fa-1x\"><\/i><\/small> Arabie Saoudite<\/span><\/h2><\/div>[vc_column_text css=\u00a0\u00bb.vc_custom_1681845735688{padding-right: 0.25em !important;padding-left: 0.25em !important;}\u00a0\u00bb]<span style=\"color: #808291; font-size: 14px;\">8667 King Fahad Road, Olaya, Riyad 14181, Arabie Saoudite<\/span>[\/vc_column_text][vc_column_text css=\u00a0\u00bb.vc_custom_1677960951052{padding-right: 0.25em !important;padding-left: 0.25em !important;}\u00a0\u00bb]<span style=\"color: #808291; font-size: 14px;\">+966 11 2930 413<\/span>[\/vc_column_text][\/vc_column][vc_column width=\u00a0\u00bb1\/4&Prime; css=\u00a0\u00bb.vc_custom_1675025929815{margin-top: 10px !important;}\u00a0\u00bb]<style>.ld_fancy_heading_69fccb81d28ec h2{font-size:24px;font-weight:700;}.ld_fancy_heading_69fccb81d28ec h2 {padding-right:10px !important; padding-left:10px !important;  } .ld_fancy_heading_69fccb81d28ec h2 {margin-bottom:0.65em !important;  } .ld_fancy_heading_69fccb81d28ec .lqd-highlight-inner{height:0.275em;bottom:0px;}.ld_fancy_heading_69fccb81d28ec h2 {padding-right:10px !important; padding-left:10px !important;  } .ld_fancy_heading_69fccb81d28ec h2 {margin-bottom:0.65em !important;  } <\/style><div class=\"ld-fancy-heading ld_fancy_heading_69fccb81d28ec\">\n\t<h2 class=\"lqd-highlight-underline lqd-highlight-grow-left\" ><span class=\"ld-fh-txt\"> <small><i class=\"icon-liquid_map_pin mr-2 fa-1x\"><\/i><\/small> TUNISIA<\/span><\/h2><\/div>[vc_column_text css=\u00a0\u00bb.vc_custom_1681845757276{padding-right: 0.25em !important;padding-left: 0.25em !important;}\u00a0\u00bb]<span style=\"color: #808291; font-size: 14px;\">Rue de l&rsquo;Argent, Immeuble Rubis, Bloc B, Mezzanine B-1, Les Berges du Lac 2, 1053, Tunis.<\/span>[\/vc_column_text][vc_column_text css=\u00a0\u00bb.vc_custom_1677960977603{padding-right: 0.25em !important;padding-left: 0.25em !important;}\u00a0\u00bb]<span style=\"color: #808291; font-size: 14px;\">+216 58 316 904<\/span>[\/vc_column_text][\/vc_column][vc_column width=\u00a0\u00bb1\/4&Prime; css=\u00a0\u00bb.vc_custom_1675025957296{margin-top: 10px !important;}\u00a0\u00bb]<style>.ld_fancy_heading_69fccb81d2ab8 h2{font-size:24px;font-weight:700;}.ld_fancy_heading_69fccb81d2ab8 h2 {padding-right:10px !important; padding-left:10px !important;  } .ld_fancy_heading_69fccb81d2ab8 h2 {margin-bottom:0.65em !important;  } .ld_fancy_heading_69fccb81d2ab8 .lqd-highlight-inner{height:0.275em;bottom:0px;}.ld_fancy_heading_69fccb81d2ab8 h2 {padding-right:10px !important; padding-left:10px !important;  } .ld_fancy_heading_69fccb81d2ab8 h2 {margin-bottom:0.65em !important;  } <\/style><div class=\"ld-fancy-heading ld_fancy_heading_69fccb81d2ab8\">\n\t<h2 class=\"lqd-highlight-underline lqd-highlight-grow-left\" ><span class=\"ld-fh-txt\"> <small><i class=\"icon-liquid_map_pin mr-2 fa-1x\"><\/i><\/small> ALG\u00c9RIE<\/span><\/h2><\/div>[vc_column_text css=\u00a0\u00bb.vc_custom_1681845799414{padding-right: 0.25em !important;padding-left: 0.25em !important;}\u00a0\u00bb]<span style=\"color: #808291; font-size: 14px;\">03, Ain Soltane ex Sain Charles-Kouba, Alger<\/span>[\/vc_column_text][vc_column_text css=\u00a0\u00bb.vc_custom_1677961034657{padding-right: 0.25em !important;padding-left: 0.25em !important;}\u00a0\u00bb]<span style=\"color: #808291; font-size: 14px;\">+213 21 54 09 03<\/span>[\/vc_column_text][\/vc_column][\/vc_row][vc_row full_width=\u00a0\u00bbstretch_row\u00a0\u00bb gap=\u00a0\u00bb0&Prime; css=\u00a0\u00bb.vc_custom_1669187752055{padding-top: 60px !important;background-color: #ffffff !important;}\u00a0\u00bb][vc_column][vc_raw_html]JTVCZGlzcGxheS1tYXAlMjBpZCUzRCUyNzgwNDIlMjclNUQ=[\/vc_raw_html][\/vc_column][\/vc_row][vc_row][vc_column][vc_separator border_width=\u00a0\u00bb3&Prime;][\/vc_column][\/vc_row][vc_row full_width=\u00a0\u00bbstretch_row\u00a0\u00bb gap=\u00a0\u00bb0&Prime; css=\u00a0\u00bb.vc_custom_1669190429372{padding-top: 60px !important;background-color: #ffffff !important;}\u00a0\u00bb][vc_column]<div id=\"ld_content_box_table_69fccb81d2bff\" class=\"fancy-box fancy-box-offer fancy-box-heading-sm ld_content_box_table_69fccb81d2bff\">\n\t<\/div><!-- \/.fancy-box fancy-box-offer -->[\/vc_column][\/vc_row][vc_row css=\u00a0\u00bb.vc_custom_1669190415794{background-color: fffff !important;}\u00a0\u00bb][vc_column enable_column_shadowbox=\u00a0\u00bbyes\u00a0\u00bb css=\u00a0\u00bb.vc_custom_1536751718172{margin-top: -10% !important;padding-top: 45px !important;padding-right: 15px !important;padding-bottom: 30px !important;padding-left: 15px !important;background-color: #ffffff !important;}\u00a0\u00bb column_box_shadow=\u00a0\u00bb%5B%7B%22x_offset%22%3A%220%22%2C%22y_offset%22%3A%2215px%22%2C%22blur_radius%22%3A%2250px%22%2C%22shadow_color%22%3A%22rgba(0%2C%200%2C%200%2C%200.025)%22%7D%5D\u00a0\u00bb][vc_row_inner content_placement=\u00a0\u00bbmiddle\u00a0\u00bb][vc_column_inner offset=\u00a0\u00bbvc_col-md-offset-1 vc_col-md-6&Prime;]<style>.ld_section_title_69fccb81d2cf8 h2{font-size:38px;margin-bottom:0px !important;;}<\/style><header class=\"fancy-title ld_section_title_69fccb81d2cf8\">\n\t<h2>\u00c9crivez-nous<\/h2>\t<h6 class=\"\">Nous sommes l\u00e0 pour r\u00e9pondre \u00e0 toutes vos questions<\/h6>\t<\/header>[\/vc_column_inner][vc_column_inner align=\u00a0\u00bbtext-left\u00a0\u00bb offset=\u00a0\u00bbvc_col-md-4 vc_hidden-sm vc_hidden-xs\u00a0\u00bb responsive_align=\u00a0\u00bbtext-md-right\u00a0\u00bb]<style>.ld_icon_box_69fccb81d2f0a .iconbox-icon-container{color:rgb(216, 219, 226);border-radius:px;}.ld_icon_box_69fccb81d2f0a:hover .iconbox-icon-container{color:rgb(0, 0, 0);}.ld_icon_box_69fccb81d2f0a h3{margin-bottom:px;}<\/style>\n<div class=\"iconbox text-right iconbox-xl ld_icon_box_69fccb81d2f0a vc_custom_1536751299280\" id=\"ld_icon_box_69fccb81d2f0a\"  data-animate-icon=\"true\" data-plugin-options='{\"resetOnHover\":true,\"color\":\"rgb(216, 219, 226)\",\"hoverColor\":\"rgb(0, 0, 0)\"}'  >\n\t\n\t\t<div class=\"iconbox-icon-wrap\"><span class=\"iconbox-icon-container\"><?xml version=\"1.0\" encoding=\"utf-8\"?>\r\n<!-- Generator: Adobe Illustrator 16.0.0, SVG Export Plug-In . SVG Version: 6.00 Build 0)  -->\r\n<!DOCTYPE svg PUBLIC \"-\/\/W3C\/\/DTD SVG 1.1\/\/EN\" \"http:\/\/www.w3.org\/Graphics\/SVG\/1.1\/DTD\/svg11.dtd\">\r\n<svg version=\"1.1\" id=\"Layer_1\" xmlns=\"http:\/\/www.w3.org\/2000\/svg\" xmlns:xlink=\"http:\/\/www.w3.org\/1999\/xlink\" x=\"0px\" y=\"0px\"\r\n\t width=\"64px\" height=\"64px\" viewBox=\"0 0 64 64\" enable-background=\"new 0 0 64 64\" xml:space=\"preserve\">\r\n<polygon fill=\"none\" stroke=\"#000000\" stroke-width=\"2\" stroke-linejoin=\"bevel\" stroke-miterlimit=\"10\" points=\"1,30 63,1 23,41 \r\n\t\"\/>\r\n<polygon fill=\"none\" stroke=\"#000000\" stroke-width=\"2\" stroke-linejoin=\"bevel\" stroke-miterlimit=\"10\" points=\"34,63 63,1 23,41 \r\n\t\"\/>\r\n<\/svg>\r\n<\/span><\/div><!-- \/.iconbox-icon-wrap -->\t\n\t\t\n\t\t\n\t\t\t\t\n\t\t\n\t\n<\/div>\n[\/vc_column_inner][vc_column_inner offset=\u00a0\u00bbvc_col-md-offset-1 vc_col-md-10&Prime;]<style>.ld_cf7_69fccb81d71b4 input[type=\"submit\"], .ld_cf7_69fccb81d71b4 button[type=\"submit\"]{font-size:13px;font-weight:700;letter-spacing:0.1em;background:rgb(255, 255, 255);color:rgb(14, 48, 93);border-color:rgb(14, 48, 93);}.ld_cf7_69fccb81d71b4 input, .ld_cf7_69fccb81d71b4 select, .ld_cf7_69fccb81d71b4 textarea, .ld_cf7_69fccb81d71b4 .ui-selectmenu-button{color:rgb(108, 109, 119);}.ld_cf7_69fccb81d71b4 input:focus, .ld_cf7_69fccb81d71b4 select:focus, .ld_cf7_69fccb81d71b4 textarea:focus, .ld_cf7_69fccb81d71b4 .ui-selectmenu-button:hover{color:rgb(24, 27, 49);}.ld_cf7_69fccb81d71b4 input[type=\"submit\"]:focus,.ld_cf7_69fccb81d71b4 input[type=\"submit\"]:hover, .ld_cf7_69fccb81d71b4 button[type=\"submit\"]:focus, .ld_cf7_69fccb81d71b4 button[type=\"submit\"]:hover{background:rgb(14, 48, 93);}.ld_cf7_69fccb81d71b4 input[type=\"submit\"]:hover, .ld_cf7_69fccb81d71b4 button[type=\"submit\"]:hover{color:rgb(255, 255, 255);}<\/style><div id=\"ld_cf7_69fccb81d71b4\" class=\"lqd-contact-form lqd-contact-form-inputs-underlined ld_cf7_69fccb81d71b4\">\n\t\n<div class=\"wpcf7 no-js\" id=\"wpcf7-f8279-o1\" lang=\"en-US\" dir=\"ltr\">\n<div class=\"screen-reader-response\"><p role=\"status\" aria-live=\"polite\" aria-atomic=\"true\"><\/p> <ul><\/ul><\/div>\n<form action=\"\/fr\/wp-json\/wp\/v2\/pages\/7623#wpcf7-f8279-o1\" method=\"post\" class=\"wpcf7-form init\" aria-label=\"Contact form\" novalidate=\"novalidate\" data-status=\"init\">\n<div style=\"display: none;\">\n<input type=\"hidden\" name=\"_wpcf7\" value=\"8279\" \/>\n<input type=\"hidden\" name=\"_wpcf7_version\" value=\"5.9.8\" \/>\n<input type=\"hidden\" name=\"_wpcf7_locale\" value=\"en_US\" \/>\n<input type=\"hidden\" name=\"_wpcf7_unit_tag\" value=\"wpcf7-f8279-o1\" \/>\n<input type=\"hidden\" name=\"_wpcf7_container_post\" value=\"0\" \/>\n<input type=\"hidden\" name=\"_wpcf7_posted_data_hash\" value=\"\" \/>\n<\/div>\n<div class=\"row\">\n\t<p class=\"col-md-6\"><br \/>\n<span class=\"wpcf7-form-control-wrap\" data-name=\"your-name\"><input size=\"40\" maxlength=\"400\" class=\"wpcf7-form-control wpcf7-text wpcf7-validates-as-required\" aria-required=\"true\" aria-invalid=\"false\" placeholder=\"Votre nom\" value=\"\" type=\"text\" name=\"your-name\" \/><\/span><span class=\"wpcf7-form-control-wrap\" data-name=\"your-email\"><input size=\"40\" maxlength=\"400\" class=\"wpcf7-form-control wpcf7-email wpcf7-validates-as-required wpcf7-text wpcf7-validates-as-email\" aria-required=\"true\" aria-invalid=\"false\" placeholder=\"Votre adresse e-mail\" value=\"\" type=\"email\" name=\"your-email\" \/><\/span><span class=\"wpcf7-form-control-wrap\" data-name=\"your-tel\"><input size=\"40\" maxlength=\"400\" class=\"wpcf7-form-control wpcf7-tel wpcf7-validates-as-required wpcf7-text wpcf7-validates-as-tel\" aria-required=\"true\" aria-invalid=\"false\" placeholder=\"Mobile non\" value=\"\" type=\"tel\" name=\"your-tel\" \/><\/span>\n\t<\/p>\n\t<p class=\"col-md-6\"><br \/>\n<span class=\"wpcf7-form-control-wrap\" data-name=\"your-message\"><textarea cols=\"10\" rows=\"6\" maxlength=\"2000\" class=\"wpcf7-form-control wpcf7-textarea wpcf7-validates-as-required\" aria-required=\"true\" aria-invalid=\"false\" placeholder=\"Votre message\" name=\"your-message\"><\/textarea><\/span>\n\t<\/p>\n\t<p class=\"col-sm-12\">\n\t<\/p>\n\t<p class=\"col-md-6\"><br \/>\n<span style=\"font-size: 14px; color: #a7a9b8;\">Nous respectons votre vie priv\u00e9e et ne tol\u00e9rons pas le spam et ne vendrons, louerons, louerons ou donnerons jamais vos informations<\/span>\n\t<\/p>\n\t<p class=\"col-md-6 text-lg-right\"><br \/>\n<input class=\"wpcf7-form-control wpcf7-submit has-spinner\" type=\"submit\" value=\"Envoyer le message\" \/>\n\t<\/p>\n<\/div><div class=\"wpcf7-response-output\" aria-hidden=\"true\"><\/div>\n<\/form>\n<\/div>\n<\/div>[\/vc_column_inner][\/vc_row_inner][\/vc_column][\/vc_row]<\/p>\n<\/div>","protected":false},"excerpt":{"rendered":"<p>[vc_row css=\u00a0\u00bb.vc_custom_1674242963863{padding-top: 60px !important;padding-bottom: 60px !important;}\u00a0\u00bb][vc_column align=\u00a0\u00bbtext-center\u00a0\u00bb][\/vc_column][\/vc_row][vc_row css=\u00a0\u00bb.vc_custom_1674243000459{padding-top: 80px !important;padding-bottom: 80px !important;background-color: #f2f2f2 !important;}\u00a0\u00bb][vc_column width=\u00a0\u00bb1\/4&Prime;&#8230;<\/p>\n","protected":false},"author":1,"featured_media":0,"parent":0,"menu_order":0,"comment_status":"closed","ping_status":"closed","template":"","meta":{"footnotes":""},"_links":{"self":[{"href":"https:\/\/mobiserveholding.com\/fr\/wp-json\/wp\/v2\/pages\/7623"}],"collection":[{"href":"https:\/\/mobiserveholding.com\/fr\/wp-json\/wp\/v2\/pages"}],"about":[{"href":"https:\/\/mobiserveholding.com\/fr\/wp-json\/wp\/v2\/types\/page"}],"author":[{"embeddable":true,"href":"https:\/\/mobiserveholding.com\/fr\/wp-json\/wp\/v2\/users\/1"}],"replies":[{"embeddable":true,"href":"https:\/\/mobiserveholding.com\/fr\/wp-json\/wp\/v2\/comments?post=7623"}],"version-history":[{"count":7,"href":"https:\/\/mobiserveholding.com\/fr\/wp-json\/wp\/v2\/pages\/7623\/revisions"}],"predecessor-version":[{"id":9810,"href":"https:\/\/mobiserveholding.com\/fr\/wp-json\/wp\/v2\/pages\/7623\/revisions\/9810"}],"wp:attachment":[{"href":"https:\/\/mobiserveholding.com\/fr\/wp-json\/wp\/v2\/media?parent=7623"}],"curies":[{"name":"wp","href":"https:\/\/api.w.org\/{rel}","templated":true}]}}