{"id":7702,"date":"2022-05-31T16:50:08","date_gmt":"2022-05-31T16:50:08","guid":{"rendered":"http:\/\/localhost\/mobiserve\/services-offerts\/"},"modified":"2025-12-26T07:53:10","modified_gmt":"2025-12-26T07:53:10","slug":"services-offerts","status":"publish","type":"page","link":"https:\/\/mobiserveholding.com\/fr\/services-offerts\/","title":{"rendered":"Services offerts"},"content":{"rendered":"<div class=\"wpb-content-wrapper\"><p>[vc_row enable_content_animation=\u00a0\u00bbyes\u00a0\u00bb animation_preset=\u00a0\u00bbFade In Up\u00a0\u00bb css=\u00a0\u00bb.vc_custom_1680907570940{padding-top: 100px !important;padding-right: 1em !important;padding-left: 1em !important;background-color: #f3f5f8 !important;}\u00a0\u00bb responsive_css=\u00a0\u00bbmargin_top_large:0px\u00a0\u00bb][vc_column offset=\u00a0\u00bbvc_col-md-4&Prime;]<style>.ld_content_box_69fccb1953b03 .fancy-box-header h3{font-size:23px;}<\/style><div id=\"ld_content_box_69fccb1953b03\" class=\"fancy-box fancy-box-heading-custom fancy-box-classes ld_content_box_69fccb1953b03\">\n\t\n\t<figure class=\"fancy-box-image\"><img loading=\"lazy\" decoding=\"async\" width=\"360\" height=\"250\" src=\"https:\/\/mobiserveholding.com\/wp-content\/uploads\/2022\/05\/managed-services-home.jpg\" class=\"attachment-full size-full\" alt=\"\" srcset=\"https:\/\/mobiserveholding.com\/wp-content\/uploads\/2022\/05\/managed-services-home.jpg 360w, https:\/\/mobiserveholding.com\/wp-content\/uploads\/2022\/05\/managed-services-home-300x208.jpg 300w\" sizes=\"(max-width: 360px) 100vw, 360px\" \/><\/figure>\t\n\t<div class=\"fancy-box-contents\">\n\t\t\n\t\t\t\t\n\t\t<div class=\"fancy-box-info\">\n\t\t\t<h3 class=\"font-weight-bold\" >Services g\u00e9r\u00e9s<\/h3>\t\t\t\t\t<\/div><!-- \/.fancy-box-info -->\n\t\t\n\t<\/div><!-- \/.fancy-box-contents -->\n\t\n\t<a href=\"https:\/\/mobiserveholding.com\/fr\/services-geres\/\" class=\"liquid-overlay-link\"><\/a>\t\n<\/div><!-- \/.fancy-box fancy-box-classes -->[\/vc_column][vc_column offset=\u00a0\u00bbvc_col-md-4&Prime;]<style>.ld_content_box_69fccb1954039 .fancy-box-header h3{font-size:23px;}<\/style><div id=\"ld_content_box_69fccb1954039\" class=\"fancy-box fancy-box-heading-custom fancy-box-classes ld_content_box_69fccb1954039\">\n\t\n\t<figure class=\"fancy-box-image\"><img loading=\"lazy\" decoding=\"async\" width=\"360\" height=\"250\" src=\"https:\/\/mobiserveholding.com\/wp-content\/uploads\/2022\/05\/telecom-services-home.jpg\" class=\"attachment-full size-full\" alt=\"\" srcset=\"https:\/\/mobiserveholding.com\/wp-content\/uploads\/2022\/05\/telecom-services-home.jpg 360w, https:\/\/mobiserveholding.com\/wp-content\/uploads\/2022\/05\/telecom-services-home-300x208.jpg 300w\" sizes=\"(max-width: 360px) 100vw, 360px\" \/><\/figure>\t\n\t<div class=\"fancy-box-contents\">\n\t\t\n\t\t\t\t\n\t\t<div class=\"fancy-box-info\">\n\t\t\t<h3 class=\"font-weight-bold\" >D\u00e9ploiement T\u00e9l\u00e9com<\/h3>\t\t\t\t\t<\/div><!-- \/.fancy-box-info -->\n\t\t\n\t<\/div><!-- \/.fancy-box-contents -->\n\t\n\t<a href=\"https:\/\/mobiserveholding.com\/fr\/deploiement-des-telecommunications\/\" class=\"liquid-overlay-link\"><\/a>\t\n<\/div><!-- \/.fancy-box fancy-box-classes -->[\/vc_column][vc_column offset=\u00a0\u00bbvc_col-md-4&Prime;]<style>.ld_content_box_69fccb1954439 .fancy-box-header h3{font-size:23px;}<\/style><div id=\"ld_content_box_69fccb1954439\" class=\"fancy-box fancy-box-heading-custom fancy-box-classes ld_content_box_69fccb1954439\">\n\t\n\t<figure class=\"fancy-box-image\"><img loading=\"lazy\" decoding=\"async\" width=\"360\" height=\"250\" src=\"https:\/\/mobiserveholding.com\/wp-content\/uploads\/2022\/05\/solar-service-home.jpg\" class=\"attachment-full size-full\" alt=\"\" srcset=\"https:\/\/mobiserveholding.com\/wp-content\/uploads\/2022\/05\/solar-service-home.jpg 360w, https:\/\/mobiserveholding.com\/wp-content\/uploads\/2022\/05\/solar-service-home-300x208.jpg 300w\" sizes=\"(max-width: 360px) 100vw, 360px\" \/><\/figure>\t\n\t<div class=\"fancy-box-contents\">\n\t\t\n\t\t\t\t\n\t\t<div class=\"fancy-box-info\">\n\t\t\t<h3 class=\"font-weight-bold\" >Services solaires<\/h3>\t\t\t\t\t<\/div><!-- \/.fancy-box-info -->\n\t\t\n\t<\/div><!-- \/.fancy-box-contents -->\n\t\n\t<a href=\"https:\/\/mobiserveholding.com\/fr\/services-offerts\/services-solaires\/\" class=\"liquid-overlay-link\"><\/a>\t\n<\/div><!-- \/.fancy-box fancy-box-classes -->[\/vc_column][\/vc_row][vc_row enable_content_animation=\u00a0\u00bbyes\u00a0\u00bb animation_preset=\u00a0\u00bbFade In Up\u00a0\u00bb css=\u00a0\u00bb.vc_custom_1680906844775{margin-bottom: 0px !important;padding-right: 1em !important;padding-bottom: 80px !important;padding-left: 1em !important;background-color: #f3f5f8 !important;}\u00a0\u00bb responsive_css=\u00a0\u00bbmargin_top_large:0px\u00a0\u00bb][vc_column offset=\u00a0\u00bbvc_col-md-4&Prime;]<style>.ld_content_box_69fccb195485e .fancy-box-header h3{font-size:23px;}<\/style><div id=\"ld_content_box_69fccb195485e\" class=\"fancy-box fancy-box-heading-custom fancy-box-classes ld_content_box_69fccb195485e\">\n\t\n\t<figure class=\"fancy-box-image\"><img loading=\"lazy\" decoding=\"async\" width=\"360\" height=\"250\" src=\"https:\/\/mobiserveholding.com\/wp-content\/uploads\/2022\/05\/energy-power-services-home.jpg\" class=\"attachment-full size-full\" alt=\"\" srcset=\"https:\/\/mobiserveholding.com\/wp-content\/uploads\/2022\/05\/energy-power-services-home.jpg 360w, https:\/\/mobiserveholding.com\/wp-content\/uploads\/2022\/05\/energy-power-services-home-300x208.jpg 300w\" sizes=\"(max-width: 360px) 100vw, 360px\" \/><\/figure>\t\n\t<div class=\"fancy-box-contents\">\n\t\t\n\t\t\t\t\n\t\t<div class=\"fancy-box-info\">\n\t\t\t<h3 class=\"font-weight-bold\" >\u00c9nergie et puissance<\/h3>\t\t\t\t\t<\/div><!-- \/.fancy-box-info -->\n\t\t\n\t<\/div><!-- \/.fancy-box-contents -->\n\t\n\t<a href=\"https:\/\/mobiserveholding.com\/fr\/solutions-energetiques\/\" class=\"liquid-overlay-link\"><\/a>\t\n<\/div><!-- \/.fancy-box fancy-box-classes -->[\/vc_column][vc_column offset=\u00a0\u00bbvc_col-md-4&Prime;]<style>.ld_content_box_69fccb1954c5d .fancy-box-header h3{font-size:23px;}<\/style><div id=\"ld_content_box_69fccb1954c5d\" class=\"fancy-box fancy-box-heading-custom fancy-box-classes ld_content_box_69fccb1954c5d\">\n\t\n\t<figure class=\"fancy-box-image\"><img loading=\"lazy\" decoding=\"async\" width=\"360\" height=\"250\" src=\"https:\/\/mobiserveholding.com\/wp-content\/uploads\/2022\/05\/eletromechanical-services-home.jpg\" class=\"attachment-full size-full\" alt=\"\" srcset=\"https:\/\/mobiserveholding.com\/wp-content\/uploads\/2022\/05\/eletromechanical-services-home.jpg 360w, https:\/\/mobiserveholding.com\/wp-content\/uploads\/2022\/05\/eletromechanical-services-home-300x208.jpg 300w\" sizes=\"(max-width: 360px) 100vw, 360px\" \/><\/figure>\t\n\t<div class=\"fancy-box-contents\">\n\t\t\n\t\t\t\t\n\t\t<div class=\"fancy-box-info\">\n\t\t\t<h3 class=\"font-weight-bold\" >\u00c9lectrom\u00e9canique<\/h3>\t\t\t\t\t<\/div><!-- \/.fancy-box-info -->\n\t\t\n\t<\/div><!-- \/.fancy-box-contents -->\n\t\n\t<a href=\"https:\/\/mobiserveholding.com\/fr\/services-electromecaniques\/\" class=\"liquid-overlay-link\"><\/a>\t\n<\/div><!-- \/.fancy-box fancy-box-classes -->[\/vc_column][vc_column offset=\u00a0\u00bbvc_col-md-4&Prime;]<style>.ld_content_box_69fccb1955056 .fancy-box-header h3{font-size:23px;}<\/style><div id=\"ld_content_box_69fccb1955056\" class=\"fancy-box fancy-box-heading-custom fancy-box-classes ld_content_box_69fccb1955056\">\n\t\n\t<figure class=\"fancy-box-image\"><img loading=\"lazy\" decoding=\"async\" width=\"360\" height=\"250\" src=\"https:\/\/mobiserveholding.com\/wp-content\/uploads\/2022\/05\/facility-management-services-home.jpg\" class=\"attachment-full size-full\" alt=\"\" srcset=\"https:\/\/mobiserveholding.com\/wp-content\/uploads\/2022\/05\/facility-management-services-home.jpg 360w, https:\/\/mobiserveholding.com\/wp-content\/uploads\/2022\/05\/facility-management-services-home-300x208.jpg 300w\" sizes=\"(max-width: 360px) 100vw, 360px\" \/><\/figure>\t\n\t<div class=\"fancy-box-contents\">\n\t\t\n\t\t\t\t\n\t\t<div class=\"fancy-box-info\">\n\t\t\t<h3 class=\"font-weight-bold\" >Gestion des installations<\/h3>\t\t\t\t\t<\/div><!-- \/.fancy-box-info -->\n\t\t\n\t<\/div><!-- \/.fancy-box-contents -->\n\t\n\t<a href=\"https:\/\/mobiserveholding.com\/fr\/gestion-des-installations\/\" class=\"liquid-overlay-link\"><\/a>\t\n<\/div><!-- \/.fancy-box fancy-box-classes -->[\/vc_column][\/vc_row]<\/p>\n<\/div>","protected":false},"excerpt":{"rendered":"<p>[vc_row enable_content_animation=\u00a0\u00bbyes\u00a0\u00bb animation_preset=\u00a0\u00bbFade In Up\u00a0\u00bb css=\u00a0\u00bb.vc_custom_1680907570940{padding-top: 100px !important;padding-right: 1em !important;padding-left: 1em !important;background-color: #f3f5f8 !important;}\u00a0\u00bb responsive_css=\u00a0\u00bbmargin_top_large:0px\u00a0\u00bb][vc_column&#8230;<\/p>\n","protected":false},"author":1,"featured_media":0,"parent":0,"menu_order":0,"comment_status":"closed","ping_status":"closed","template":"","meta":{"footnotes":""},"_links":{"self":[{"href":"https:\/\/mobiserveholding.com\/fr\/wp-json\/wp\/v2\/pages\/7702"}],"collection":[{"href":"https:\/\/mobiserveholding.com\/fr\/wp-json\/wp\/v2\/pages"}],"about":[{"href":"https:\/\/mobiserveholding.com\/fr\/wp-json\/wp\/v2\/types\/page"}],"author":[{"embeddable":true,"href":"https:\/\/mobiserveholding.com\/fr\/wp-json\/wp\/v2\/users\/1"}],"replies":[{"embeddable":true,"href":"https:\/\/mobiserveholding.com\/fr\/wp-json\/wp\/v2\/comments?post=7702"}],"version-history":[{"count":15,"href":"https:\/\/mobiserveholding.com\/fr\/wp-json\/wp\/v2\/pages\/7702\/revisions"}],"predecessor-version":[{"id":9855,"href":"https:\/\/mobiserveholding.com\/fr\/wp-json\/wp\/v2\/pages\/7702\/revisions\/9855"}],"wp:attachment":[{"href":"https:\/\/mobiserveholding.com\/fr\/wp-json\/wp\/v2\/media?parent=7702"}],"curies":[{"name":"wp","href":"https:\/\/api.w.org\/{rel}","templated":true}]}}